{"id":34663,"date":"2022-05-16T11:36:16","date_gmt":"2022-05-16T11:36:16","guid":{"rendered":"https:\/\/ivek.ee\/?page_id=34663"},"modified":"2025-10-02T05:19:35","modified_gmt":"2025-10-02T05:19:35","slug":"hariduskopter","status":"publish","type":"page","link":"https:\/\/ivek.ee\/en\/about-us\/structure-and-clusters\/hariduskopter\/","title":{"rendered":"Hariduskopter"},"content":{"rendered":"<section class=\"wpb-content-wrapper\"><p>[vc_row][vc_column][vc_single_image image=&#8221;10458&#8243; css_animation=&#8221;fadeIn&#8221;][\/vc_column][\/vc_row][vc_row][vc_column width=&#8221;1\/5&#8243;][vc_column_text]<\/p>\n<h1 class=\"et_pb_slide_title\"><strong><span style=\"color: #232323;\">VABADUS LENNATA K\u00d5RGELT<\/span><\/strong><\/h1>\n<p>[\/vc_column_text][\/vc_column][vc_column width=&#8221;1\/5&#8243;][vc_empty_space][\/vc_column][vc_column width=&#8221;3\/5&#8243;][vc_column_text]<\/p>\n<h5><span style=\"color: #65b249;\"><strong>Mis on Haridukopter?<\/strong><\/span><\/h5>\n<p>[\/vc_column_text][vc_empty_space][vc_column_text]<strong><span style=\"color: #232323;\">Hariduskopter on piirkondlik haridusklaster.<\/span><\/strong>[\/vc_column_text][vc_column_text]Ida-Virumaa haridusklastri loomise idee tekkis Ida-Viru Maakonna arengustrateegia 2019-2030+ koostamise k\u00e4igus.<\/p>\n<p>Ida-Virumaal tegutseb k\u00fcmmekond aastat edukalt turismivaldkonna tegijaid koondav turismiklaster, kus l\u00f6\u00f6vad kaasa nii ettev\u00f5tted, omavalitsused kui muud turismiga seotud asutused. Nende aastate jooksul kujunenud kogemust soovitakse rakendada ka haridusvaldkonna arendamisel Ida-Virumaal.<\/p>\n<p>Haridusklaster<strong> koondab haridusvaldkonna erinevaid institutsioone<\/strong> (KOV, \u00fcli- ja k\u00f5rgkoolid, kutse\u00f5ppeasutused, riigig\u00fcmnaasiumid, \u00fcldhariduskoolid, lasteaiad ja huviharidusasutused ning asjakohased kolmanda sektori asutused) ning loodud on \u00fchine siduv eesm\u00e4rk ja tegevuskava.[\/vc_column_text][\/vc_column][\/vc_row][vc_row][vc_column width=&#8221;1\/4&#8243;][vc_column_text]<\/p>\n<h5><span style=\"color: #65b249;\"><strong>Mis on haridusklastri eesm\u00e4rk?<\/strong><\/span><\/h5>\n<p>[\/vc_column_text][vc_empty_space][\/vc_column][vc_column width=&#8221;3\/4&#8243;][vc_empty_space][\/vc_column][\/vc_row][vc_row][vc_column width=&#8221;1\/4&#8243;][vc_empty_space][\/vc_column][vc_column width=&#8221;3\/4&#8243;][vc_empty_space][vc_column_text]Ida-Viru Haridusklaster toetab Ida-Viru maakonna arengustrateegia 2019-2030+ haridusvaldkonna eesm\u00e4rgi saavutamist, kus maakonnas pakutakse kompleksset haridust, kus noored oskavad v\u00e4hemalt kolme keelt, on digip\u00e4devad ning ettev\u00f5tliku eluhoiakuga.[\/vc_column_text][\/vc_column][\/vc_row][vc_row][vc_column][vc_row_inner][vc_column_inner width=&#8221;1\/4&#8243;][vc_column_text]<\/p>\n<h5><span style=\"color: #65b249;\"><strong>Rahastajad<\/strong><\/span><\/h5>\n<p>[\/vc_column_text][\/vc_column_inner][vc_column_inner width=&#8221;3\/4&#8243;][\/vc_column_inner][\/vc_row_inner][vc_row_inner][vc_column_inner width=&#8221;1\/4&#8243;][\/vc_column_inner][vc_column_inner width=&#8221;3\/4&#8243;][vc_column_text]Haridusklastri peamiseks rahastajaks on<strong> Rahandusministeerium.<\/strong>[\/vc_column_text][vc_single_image image=&#8221;13116&#8243;][vc_empty_space][\/vc_column_inner][\/vc_row_inner][\/vc_column][\/vc_row][vc_row][vc_column][vc_row_inner][vc_column_inner width=&#8221;1\/4&#8243;][vc_column_text]<\/p>\n<h5><span style=\"color: #65b249;\"><strong>Partnerid<\/strong><\/span><\/h5>\n<p>[\/vc_column_text][\/vc_column_inner][vc_column_inner width=&#8221;3\/4&#8243;][\/vc_column_inner][\/vc_row_inner][vc_row_inner][vc_column_inner width=&#8221;1\/4&#8243;][\/vc_column_inner][vc_column_inner width=&#8221;3\/4&#8243;][vc_column_text]Haridusklastril on <strong>p\u00f5hipartnerid ja tegevusp\u00f5hised partnerid.<\/strong>[\/vc_column_text][vc_empty_space][vc_empty_space][\/vc_column_inner][\/vc_row_inner][vc_row_inner][vc_column_inner width=&#8221;1\/4&#8243;][vc_column_text]<\/p>\n<h6 style=\"text-align: right;\"><strong>Tegevusp\u00f5hilised partnerid<\/strong><\/h6>\n<p>[\/vc_column_text][\/vc_column_inner][vc_column_inner width=&#8221;1\/4&#8243;][vc_column_text]<span style=\"color: #232323;\"><strong>Koolid<\/strong><\/span>[\/vc_column_text][vc_column_text]<\/p>\n<div class=\"et_pb_column et_pb_column_1_3 et_pb_column_12 et_pb_css_mix_blend_mode_passthrough\">\n<div class=\"et_pb_module et_pb_text et_pb_text_10 et_pb_text_align_left et_pb_bg_layout_light\">\n<div class=\"et_pb_text_inner\">\n<p><a href=\"https:\/\/www.johvig.ee\/\" target=\"_blank\" rel=\"noopener\">J\u00f5hvi G\u00fcmnaasium<\/a><\/p>\n<p><a href=\"https:\/\/kjg.ee\/\" target=\"_blank\" rel=\"noopener\">Kohtla-J\u00e4rve G\u00fcmnaasium<\/a><\/p>\n<\/div>\n<\/div>\n<\/div>\n<p>[\/vc_column_text][\/vc_column_inner][vc_column_inner width=&#8221;1\/4&#8243;][vc_column_text]<span style=\"color: #232323;\"><strong>Kutsekoolid<\/strong><\/span>[\/vc_column_text][vc_column_text]<\/p>\n<div class=\"et_pb_column et_pb_column_1_3 et_pb_column_12 et_pb_css_mix_blend_mode_passthrough\">\n<div class=\"et_pb_module et_pb_text et_pb_text_10 et_pb_text_align_left et_pb_bg_layout_light\">\n<div class=\"et_pb_text_inner\">\n<p><a href=\"https:\/\/kutsehariduskeskus.ee\/\" target=\"_blank\" rel=\"noopener\">Ida-Virumaa Kutsehariduskeskus<\/a><\/p>\n<\/div>\n<\/div>\n<\/div>\n<p>[\/vc_column_text][\/vc_column_inner][vc_column_inner width=&#8221;1\/4&#8243;][vc_column_text]<span style=\"color: #232323;\"><strong>\u00dclikoolid<\/strong><\/span>[\/vc_column_text][vc_column_text]<\/p>\n<div class=\"et_pb_column et_pb_column_1_3 et_pb_column_12 et_pb_css_mix_blend_mode_passthrough\">\n<div class=\"et_pb_module et_pb_text et_pb_text_10 et_pb_text_align_left et_pb_bg_layout_light\">\n<div class=\"et_pb_text_inner\">\n<div class=\"et_pb_column et_pb_column_1_3 et_pb_column_12 et_pb_css_mix_blend_mode_passthrough\">\n<div class=\"et_pb_module et_pb_text et_pb_text_10 et_pb_text_align_left et_pb_bg_layout_light\">\n<div class=\"et_pb_text_inner\">\n<p><a href=\"https:\/\/taltech.ee\/virumaa\" target=\"_blank\" rel=\"noopener\">TalTech Virumaa kolled\u017e<\/a><\/p>\n<p><a href=\"https:\/\/www.narva.ut.ee\/et\" target=\"_blank\" rel=\"noopener\">T\u00dc Narva Kolled\u017e<\/a><\/p>\n<p><a href=\"https:\/\/www.ttk.ee\/\" target=\"_blank\" rel=\"noopener\">Tallinna Tervishoiu K\u00f5rgkool<\/a><\/p>\n<p><a href=\"https:\/\/eestikeelepoore.blogspot.com\/\" target=\"_blank\" rel=\"noopener\">Eesti Keelep\u00f6\u00f6re<\/a><\/p>\n<p><a href=\"https:\/\/www.sisekaitse.ee\/et\">Sisekaitseakadeemia<\/a><\/p>\n<p><a href=\"https:\/\/kood.tech\/et\/\">Kood\/ J\u00f5hvi<\/a><\/p>\n<\/div>\n<\/div>\n<\/div>\n<div class=\"et_pb_column et_pb_column_1_3 et_pb_column_13 et_pb_css_mix_blend_mode_passthrough\">\n<div class=\"et_pb_module et_pb_text et_pb_text_11 et_pb_text_align_left et_pb_bg_layout_light\"><\/div>\n<\/div>\n<\/div>\n<\/div>\n<\/div>\n<p>[\/vc_column_text][vc_empty_space][\/vc_column_inner][\/vc_row_inner][vc_row_inner][vc_column_inner width=&#8221;1\/4&#8243;][vc_column_text]<\/p>\n<h6 style=\"text-align: right;\"><strong>P\u00f5hipartnerid<\/strong><\/h6>\n<p>[\/vc_column_text][\/vc_column_inner][vc_column_inner width=&#8221;1\/4&#8243;][vc_empty_space][\/vc_column_inner][vc_column_inner width=&#8221;1\/4&#8243;][vc_column_text]<\/p>\n<div class=\"et_pb_column et_pb_column_1_3 et_pb_column_13 et_pb_css_mix_blend_mode_passthrough\">\n<div class=\"et_pb_module et_pb_text et_pb_text_11 et_pb_text_align_left et_pb_bg_layout_light\">\n<div class=\"et_pb_text_inner\">\n<p><a href=\"http:\/\/narva.ee\/ee\/linnakodanikule\/\" target=\"_blank\" rel=\"noopener\">Narva linn<\/a><\/p>\n<p><a href=\"http:\/\/narva-joesuu.ee\/\" target=\"_blank\" rel=\"noopener\">Narva-J\u00f5esuu linn<\/a><\/p>\n<p><a href=\"http:\/\/www.sillamae.ee\/uldinfo\" target=\"_blank\" rel=\"noopener\">Sillam\u00e4e linn<\/a><\/p>\n<p><a href=\"https:\/\/www.kohtla-jarve.ee\/\" target=\"_blank\" rel=\"noopener\">Kohtla-J\u00e4rve linn<\/a><\/p>\n<\/div>\n<\/div>\n<\/div>\n<p>[\/vc_column_text][\/vc_column_inner][vc_column_inner width=&#8221;1\/4&#8243;][vc_column_text]<a href=\"https:\/\/toila.kovtp.ee\/et\/uldinfo\" target=\"_blank\" rel=\"noopener\">Toila vald<\/a><\/p>\n<p><a href=\"https:\/\/www.lyganuse.ee\/\" target=\"_blank\" rel=\"noopener\">L\u00fcganuse vald<\/a><\/p>\n<div class=\"et_pb_column et_pb_column_1_3 et_pb_column_13 et_pb_css_mix_blend_mode_passthrough\">\n<div class=\"et_pb_module et_pb_text et_pb_text_11 et_pb_text_align_left et_pb_bg_layout_light\">\n<div class=\"et_pb_text_inner\">\n<p><a href=\"https:\/\/www.johvi.ee\/\" target=\"_blank\" rel=\"noopener\">J\u00f5hvi vald<\/a><\/p>\n<\/div>\n<\/div>\n<\/div>\n<p>[\/vc_column_text][\/vc_column_inner][\/vc_row_inner][vc_empty_space][\/vc_column][\/vc_row][vc_row][vc_column][\/vc_column][\/vc_row][vc_row][vc_column width=&#8221;2\/5&#8243;][\/vc_column][vc_column width=&#8221;3\/5&#8243;][vc_empty_space][\/vc_column][\/vc_row][vc_row][vc_column][vc_empty_space][vc_column_text]<\/p>\n<h5><strong><span style=\"color: #65b249;\">Kontakt<\/span><\/strong><\/h5>\n<p>[\/vc_column_text]<div name='contact' class='contact-box vc_row'><div class='col-md-4 col-sm-12 image-wrapper' style='background: url(https:\/\/ivek.ee\/wp-content\/uploads\/halisvarimae.png) no-repeat center; background-size: cover;'><\/div><div class='col-md-8 col-sm-12 text-wrapper'><h3>Ida-Viru Haridusklastri koordinaator<\/h3><div class='row'><div class='col-md-6 col-sm-12 contact-title'><h4>H\u00e4lis V\u00e4rim\u00e4e <\/h4><p>Ida-Viru v\u00f5rgustiku EV kool koordinaator, Haridusklastri arendusjuht<\/p><\/div><div class='col-md-6 col-sm-12 contact-info'><div class='contact-solution email'><a href='mailto:halis.varimae@ivek.ee'><svg width=\"24\" height=\"16\" viewBox=\"0 0 24 16\" fill=\"none\" xmlns=\"http:\/\/www.w3.org\/2000\/svg\"><path fill-rule=\"evenodd\" clip-rule=\"evenodd\" d=\"M1.04122 0.077322C0.73263 0.181071 0.490718 0.365707 0.293727 0.647762C0.161963 0.836406 0.0121917 1.20932 0.0555193 1.24093C0.297197 1.41718 11.9524 8.84142 11.9926 8.84475C12.0249 8.84739 14.7305 7.13825 18.0051 5.04664L23.9588 1.24371L23.931 1.10707C23.854 0.729696 23.5199 0.328999 23.125 0.140628L22.8595 0.0140157L12.0745 0.00390487C1.72279 -0.00579603 1.27952 -0.00283568 1.04122 0.077322ZM0 8.00145C0 10.785 0.0126607 13.0624 0.0281348 13.0624C0.0647569 13.0624 7.929 8.23892 8.00937 8.16714C8.05823 8.12351 7.26548 7.5977 4.09394 5.57017C1.90674 4.17192 0.0908754 3.00822 0.0586142 2.98417C0.0118166 2.94924 0 3.95968 0 8.00145ZM19.9613 5.53724C16.7507 7.59201 15.95 8.12342 15.9989 8.1671C16.115 8.27075 23.9675 13.0718 23.9881 13.0517C23.9994 13.0407 24.0034 10.766 23.9968 7.9969L23.9849 2.96213L19.9613 5.53724ZM4.75947 11.8969C0.243554 14.6754 0.0708997 14.7866 0.0850609 14.9089C0.124262 15.2472 0.485466 15.6836 0.883386 15.8734L1.14884 16H12.0042H22.8595L23.125 15.8734C23.5228 15.6837 23.884 15.2472 23.9233 14.9091C23.9375 14.7871 23.7625 14.6744 19.2406 11.8948L14.5433 9.0072L13.507 9.66787C12.2756 10.453 12.2505 10.4664 12.0042 10.4664C11.7581 10.4664 11.7388 10.4561 10.5067 9.67028C9.93641 9.30656 9.46506 9.00962 9.4592 9.01044C9.45338 9.01121 7.33849 10.3101 4.75947 11.8969Z\" fill=\"#65B249\"\/><\/svg> halis.varimae@ivek.ee<\/a><\/div><div class='contact-solution phone'><a href='tel:+372 529 6027'><svg width=\"18\" height=\"18\" viewBox=\"0 0 18 18\" fill=\"none\" xmlns=\"http:\/\/www.w3.org\/2000\/svg\"><path fill-rule=\"evenodd\" clip-rule=\"evenodd\" d=\"M1.05003 0.0596451C0.553862 0.192885 0.179134 0.572424 0.0484086 1.07413C-0.0365841 1.40034 -0.00742065 2.37625 0.11831 3.41338C0.649901 7.79784 2.89493 11.7544 6.414 14.5088C8.52095 16.1579 11.1036 17.301 13.7488 17.7555C14.674 17.9145 16.0276 18.0279 16.5955 17.994C17.0988 17.964 17.4868 17.7608 17.7362 17.3968C17.9955 17.0184 17.986 17.1031 17.9978 15.057C18.0047 13.8747 17.9952 13.1469 17.9715 13.018C17.881 12.5281 17.5154 12.1012 17.0429 11.9338C16.9576 11.9037 16.6425 11.8678 16.2817 11.8471C15.1701 11.7835 14.5619 11.6854 13.6433 11.4216C12.7631 11.1687 12.4835 11.2172 11.8072 11.7398C11.4905 11.9846 10.8883 12.4384 9.93191 13.153C9.91256 13.1675 9.69885 13.0654 9.45699 12.9261C7.80365 11.9739 6.588 10.8624 5.61188 9.41032C5.21274 8.81657 4.81159 8.11649 4.8454 8.07272C5.04145 7.81875 6.40805 5.99945 6.49291 5.87947C6.77093 5.48625 6.79819 5.08372 6.59436 4.38262C6.34357 3.51997 6.21204 2.70738 6.16722 1.74349C6.13246 0.996681 6.04997 0.750276 5.72656 0.427056C5.52298 0.223611 5.35922 0.130905 5.07086 0.0558483C4.77624 -0.0208259 1.33765 -0.0175916 1.05003 0.0596451Z\" fill=\"#65B249\"\/><\/svg> +372 529 6027<\/a><\/div><\/div><\/div><div class='row'><div class='col-md-6 col-sm-12 register-to-consul-btn'><\/div><div class='col-md-6 col-sm-12 consult-languages'><h6>Language of consultation<\/h6><div class='languages'><div class='lang'> Rus <\/div><div class='lang'> Est <\/div><div class='lang'> Eng <\/div><\/div><\/div><\/div><\/div><\/div>[\/vc_column][\/vc_row][vc_row][vc_column][vc_empty_space][vc_separator][vc_empty_space][vc_column_text]<\/p>\n<h5><span style=\"color: #65b249;\"><strong>K\u00f5ik klastrid<\/strong><\/span><\/h5>\n<p>[\/vc_column_text][vc_empty_space][vc_wp_custommenu nav_menu=&#8221;126&#8243;][\/vc_column][\/vc_row]<\/p>\n<\/section>","protected":false},"excerpt":{"rendered":"<p>[vc_row][vc_column][vc_single_image image=&#8221;10458&#8243; css_animation=&#8221;fadeIn&#8221;][\/vc_column][\/vc_row][vc_row][vc_column width=&#8221;1\/5&#8243;][vc_column_text] VABADUS LENNATA K\u00d5RGELT [\/vc_column_text][\/vc_column][vc_column width=&#8221;1\/5&#8243;][vc_empty_space][\/vc_column][vc_column width=&#8221;3\/5&#8243;][vc_column_text] Mis on Haridukopter? [\/vc_column_text][vc_empty_space][vc_column_text]Hariduskopter on piirkondlik haridusklaster.[\/vc_column_text][vc_column_text]Ida-Virumaa haridusklastri loomise idee tekkis Ida-Viru Maakonna arengustrateegia 2019-2030+ koostamise k\u00e4igus. Ida-Virumaal tegutseb k\u00fcmmekond aastat edukalt turismivaldkonna tegijaid koondav turismiklaster, kus l\u00f6\u00f6vad kaasa nii ettev\u00f5tted, omavalitsused kui muud turismiga seotud asutused. Nende aastate jooksul kujunenud kogemust soovitakse rakendada ka [&hellip;]<\/p>\n","protected":false},"author":2,"featured_media":47159,"parent":34607,"menu_order":0,"comment_status":"closed","ping_status":"closed","template":"page-about.php","meta":{"_acf_changed":false,"inline_featured_image":false,"footnotes":""},"class_list":["post-34663","page","type-page","status-publish","has-post-thumbnail","hentry"],"acf":[],"yoast_head":"<!-- This site is optimized with the Yoast SEO plugin v23.3 - https:\/\/yoast.com\/wordpress\/plugins\/seo\/ -->\n<title>Hariduskopter - Ida-Viru Ettev\u00f5tluskeskus<\/title>\n<meta name=\"robots\" content=\"index, follow, max-snippet:-1, max-image-preview:large, max-video-preview:-1\" \/>\n<link rel=\"canonical\" href=\"https:\/\/ivek.ee\/en\/about-us\/structure-and-clusters\/hariduskopter\/\" \/>\n<meta property=\"og:locale\" content=\"en_US\" \/>\n<meta property=\"og:type\" content=\"article\" \/>\n<meta property=\"og:title\" content=\"Hariduskopter - Ida-Viru Ettev\u00f5tluskeskus\" \/>\n<meta property=\"og:description\" content=\"[vc_row][vc_column][vc_single_image image=&#8221;10458&#8243; css_animation=&#8221;fadeIn&#8221;][\/vc_column][\/vc_row][vc_row][vc_column width=&#8221;1\/5&#8243;][vc_column_text] VABADUS LENNATA K\u00d5RGELT [\/vc_column_text][\/vc_column][vc_column width=&#8221;1\/5&#8243;][vc_empty_space][\/vc_column][vc_column width=&#8221;3\/5&#8243;][vc_column_text] Mis on Haridukopter? [\/vc_column_text][vc_empty_space][vc_column_text]Hariduskopter on piirkondlik haridusklaster.[\/vc_column_text][vc_column_text]Ida-Virumaa haridusklastri loomise idee tekkis Ida-Viru Maakonna arengustrateegia 2019-2030+ koostamise k\u00e4igus. Ida-Virumaal tegutseb k\u00fcmmekond aastat edukalt turismivaldkonna tegijaid koondav turismiklaster, kus l\u00f6\u00f6vad kaasa nii ettev\u00f5tted, omavalitsused kui muud turismiga seotud asutused. Nende aastate jooksul kujunenud kogemust soovitakse rakendada ka [&hellip;]\" \/>\n<meta property=\"og:url\" content=\"https:\/\/ivek.ee\/en\/about-us\/structure-and-clusters\/hariduskopter\/\" \/>\n<meta property=\"og:site_name\" content=\"Ida-Viru Ettev\u00f5tluskeskus\" \/>\n<meta property=\"article:publisher\" content=\"https:\/\/www.facebook.com\/IVEK.EE\/\" \/>\n<meta property=\"article:modified_time\" content=\"2025-10-02T05:19:35+00:00\" \/>\n<meta property=\"og:image\" content=\"https:\/\/ivek.ee\/wp-content\/uploads\/528796866_1180977674057596_7046004313160887375_n.png\" \/>\n\t<meta property=\"og:image:width\" content=\"960\" \/>\n\t<meta property=\"og:image:height\" content=\"356\" \/>\n\t<meta property=\"og:image:type\" content=\"image\/png\" \/>\n<meta name=\"twitter:card\" content=\"summary_large_image\" \/>\n<meta name=\"twitter:label1\" content=\"Est. reading time\" \/>\n\t<meta name=\"twitter:data1\" content=\"2 minutes\" \/>\n<script type=\"application\/ld+json\" class=\"yoast-schema-graph\">{\"@context\":\"https:\/\/schema.org\",\"@graph\":[{\"@type\":\"WebPage\",\"@id\":\"https:\/\/ivek.ee\/en\/about-us\/structure-and-clusters\/hariduskopter\/\",\"url\":\"https:\/\/ivek.ee\/en\/about-us\/structure-and-clusters\/hariduskopter\/\",\"name\":\"Hariduskopter - Ida-Viru Ettev\u00f5tluskeskus\",\"isPartOf\":{\"@id\":\"https:\/\/ivek.ee\/en\/#website\"},\"primaryImageOfPage\":{\"@id\":\"https:\/\/ivek.ee\/en\/about-us\/structure-and-clusters\/hariduskopter\/#primaryimage\"},\"image\":{\"@id\":\"https:\/\/ivek.ee\/en\/about-us\/structure-and-clusters\/hariduskopter\/#primaryimage\"},\"thumbnailUrl\":\"https:\/\/ivek.ee\/wp-content\/uploads\/528796866_1180977674057596_7046004313160887375_n.png\",\"datePublished\":\"2022-05-16T11:36:16+00:00\",\"dateModified\":\"2025-10-02T05:19:35+00:00\",\"breadcrumb\":{\"@id\":\"https:\/\/ivek.ee\/en\/about-us\/structure-and-clusters\/hariduskopter\/#breadcrumb\"},\"inLanguage\":\"en-US\",\"potentialAction\":[{\"@type\":\"ReadAction\",\"target\":[\"https:\/\/ivek.ee\/en\/about-us\/structure-and-clusters\/hariduskopter\/\"]}]},{\"@type\":\"ImageObject\",\"inLanguage\":\"en-US\",\"@id\":\"https:\/\/ivek.ee\/en\/about-us\/structure-and-clusters\/hariduskopter\/#primaryimage\",\"url\":\"https:\/\/ivek.ee\/wp-content\/uploads\/528796866_1180977674057596_7046004313160887375_n.png\",\"contentUrl\":\"https:\/\/ivek.ee\/wp-content\/uploads\/528796866_1180977674057596_7046004313160887375_n.png\",\"width\":960,\"height\":356},{\"@type\":\"BreadcrumbList\",\"@id\":\"https:\/\/ivek.ee\/en\/about-us\/structure-and-clusters\/hariduskopter\/#breadcrumb\",\"itemListElement\":[{\"@type\":\"ListItem\",\"position\":1,\"name\":\"Home\",\"item\":\"https:\/\/ivek.ee\/en\/\"},{\"@type\":\"ListItem\",\"position\":2,\"name\":\"About us\",\"item\":\"https:\/\/ivek.ee\/en\/about-us\/\"},{\"@type\":\"ListItem\",\"position\":3,\"name\":\"Structure and clusters\",\"item\":\"https:\/\/ivek.ee\/en\/about-us\/structure-and-clusters\/\"},{\"@type\":\"ListItem\",\"position\":4,\"name\":\"Hariduskopter\"}]},{\"@type\":\"WebSite\",\"@id\":\"https:\/\/ivek.ee\/en\/#website\",\"url\":\"https:\/\/ivek.ee\/en\/\",\"name\":\"Ida-Viru Ettev\u00f5tluskeskus\",\"description\":\"piirkondlik arengumootor\",\"publisher\":{\"@id\":\"https:\/\/ivek.ee\/en\/#organization\"},\"potentialAction\":[{\"@type\":\"SearchAction\",\"target\":{\"@type\":\"EntryPoint\",\"urlTemplate\":\"https:\/\/ivek.ee\/en\/?s={search_term_string}\"},\"query-input\":\"required name=search_term_string\"}],\"inLanguage\":\"en-US\"},{\"@type\":\"Organization\",\"@id\":\"https:\/\/ivek.ee\/en\/#organization\",\"name\":\"Ida-Viru Ettev\u00f5tluskeskus\",\"url\":\"https:\/\/ivek.ee\/en\/\",\"logo\":{\"@type\":\"ImageObject\",\"inLanguage\":\"en-US\",\"@id\":\"https:\/\/ivek.ee\/en\/#\/schema\/logo\/image\/\",\"url\":\"https:\/\/ivek.ee\/wp-content\/uploads\/logo-ivek.svg\",\"contentUrl\":\"https:\/\/ivek.ee\/wp-content\/uploads\/logo-ivek.svg\",\"width\":280,\"height\":39,\"caption\":\"Ida-Viru Ettev\u00f5tluskeskus\"},\"image\":{\"@id\":\"https:\/\/ivek.ee\/en\/#\/schema\/logo\/image\/\"},\"sameAs\":[\"https:\/\/www.facebook.com\/IVEK.EE\/\",\"https:\/\/www.youtube.com\/channel\/UC8QWit2-vFtafuuSU9J5gSw\",\"https:\/\/www.linkedin.com\/in\/ida-viru-ettevtluskeskus-252823217\/\",\"https:\/\/www.instagram.com\/idaviruettevotluskeskus\/\"]}]}<\/script>\n<!-- \/ Yoast SEO plugin. -->","yoast_head_json":{"title":"Hariduskopter - Ida-Viru Ettev\u00f5tluskeskus","robots":{"index":"index","follow":"follow","max-snippet":"max-snippet:-1","max-image-preview":"max-image-preview:large","max-video-preview":"max-video-preview:-1"},"canonical":"https:\/\/ivek.ee\/en\/about-us\/structure-and-clusters\/hariduskopter\/","og_locale":"en_US","og_type":"article","og_title":"Hariduskopter - Ida-Viru Ettev\u00f5tluskeskus","og_description":"[vc_row][vc_column][vc_single_image image=&#8221;10458&#8243; css_animation=&#8221;fadeIn&#8221;][\/vc_column][\/vc_row][vc_row][vc_column width=&#8221;1\/5&#8243;][vc_column_text] VABADUS LENNATA K\u00d5RGELT [\/vc_column_text][\/vc_column][vc_column width=&#8221;1\/5&#8243;][vc_empty_space][\/vc_column][vc_column width=&#8221;3\/5&#8243;][vc_column_text] Mis on Haridukopter? [\/vc_column_text][vc_empty_space][vc_column_text]Hariduskopter on piirkondlik haridusklaster.[\/vc_column_text][vc_column_text]Ida-Virumaa haridusklastri loomise idee tekkis Ida-Viru Maakonna arengustrateegia 2019-2030+ koostamise k\u00e4igus. Ida-Virumaal tegutseb k\u00fcmmekond aastat edukalt turismivaldkonna tegijaid koondav turismiklaster, kus l\u00f6\u00f6vad kaasa nii ettev\u00f5tted, omavalitsused kui muud turismiga seotud asutused. Nende aastate jooksul kujunenud kogemust soovitakse rakendada ka [&hellip;]","og_url":"https:\/\/ivek.ee\/en\/about-us\/structure-and-clusters\/hariduskopter\/","og_site_name":"Ida-Viru Ettev\u00f5tluskeskus","article_publisher":"https:\/\/www.facebook.com\/IVEK.EE\/","article_modified_time":"2025-10-02T05:19:35+00:00","og_image":[{"width":960,"height":356,"url":"https:\/\/ivek.ee\/wp-content\/uploads\/528796866_1180977674057596_7046004313160887375_n.png","type":"image\/png"}],"twitter_card":"summary_large_image","twitter_misc":{"Est. reading time":"2 minutes"},"schema":{"@context":"https:\/\/schema.org","@graph":[{"@type":"WebPage","@id":"https:\/\/ivek.ee\/en\/about-us\/structure-and-clusters\/hariduskopter\/","url":"https:\/\/ivek.ee\/en\/about-us\/structure-and-clusters\/hariduskopter\/","name":"Hariduskopter - Ida-Viru Ettev\u00f5tluskeskus","isPartOf":{"@id":"https:\/\/ivek.ee\/en\/#website"},"primaryImageOfPage":{"@id":"https:\/\/ivek.ee\/en\/about-us\/structure-and-clusters\/hariduskopter\/#primaryimage"},"image":{"@id":"https:\/\/ivek.ee\/en\/about-us\/structure-and-clusters\/hariduskopter\/#primaryimage"},"thumbnailUrl":"https:\/\/ivek.ee\/wp-content\/uploads\/528796866_1180977674057596_7046004313160887375_n.png","datePublished":"2022-05-16T11:36:16+00:00","dateModified":"2025-10-02T05:19:35+00:00","breadcrumb":{"@id":"https:\/\/ivek.ee\/en\/about-us\/structure-and-clusters\/hariduskopter\/#breadcrumb"},"inLanguage":"en-US","potentialAction":[{"@type":"ReadAction","target":["https:\/\/ivek.ee\/en\/about-us\/structure-and-clusters\/hariduskopter\/"]}]},{"@type":"ImageObject","inLanguage":"en-US","@id":"https:\/\/ivek.ee\/en\/about-us\/structure-and-clusters\/hariduskopter\/#primaryimage","url":"https:\/\/ivek.ee\/wp-content\/uploads\/528796866_1180977674057596_7046004313160887375_n.png","contentUrl":"https:\/\/ivek.ee\/wp-content\/uploads\/528796866_1180977674057596_7046004313160887375_n.png","width":960,"height":356},{"@type":"BreadcrumbList","@id":"https:\/\/ivek.ee\/en\/about-us\/structure-and-clusters\/hariduskopter\/#breadcrumb","itemListElement":[{"@type":"ListItem","position":1,"name":"Home","item":"https:\/\/ivek.ee\/en\/"},{"@type":"ListItem","position":2,"name":"About us","item":"https:\/\/ivek.ee\/en\/about-us\/"},{"@type":"ListItem","position":3,"name":"Structure and clusters","item":"https:\/\/ivek.ee\/en\/about-us\/structure-and-clusters\/"},{"@type":"ListItem","position":4,"name":"Hariduskopter"}]},{"@type":"WebSite","@id":"https:\/\/ivek.ee\/en\/#website","url":"https:\/\/ivek.ee\/en\/","name":"Ida-Viru Ettev\u00f5tluskeskus","description":"piirkondlik arengumootor","publisher":{"@id":"https:\/\/ivek.ee\/en\/#organization"},"potentialAction":[{"@type":"SearchAction","target":{"@type":"EntryPoint","urlTemplate":"https:\/\/ivek.ee\/en\/?s={search_term_string}"},"query-input":"required name=search_term_string"}],"inLanguage":"en-US"},{"@type":"Organization","@id":"https:\/\/ivek.ee\/en\/#organization","name":"Ida-Viru Ettev\u00f5tluskeskus","url":"https:\/\/ivek.ee\/en\/","logo":{"@type":"ImageObject","inLanguage":"en-US","@id":"https:\/\/ivek.ee\/en\/#\/schema\/logo\/image\/","url":"https:\/\/ivek.ee\/wp-content\/uploads\/logo-ivek.svg","contentUrl":"https:\/\/ivek.ee\/wp-content\/uploads\/logo-ivek.svg","width":280,"height":39,"caption":"Ida-Viru Ettev\u00f5tluskeskus"},"image":{"@id":"https:\/\/ivek.ee\/en\/#\/schema\/logo\/image\/"},"sameAs":["https:\/\/www.facebook.com\/IVEK.EE\/","https:\/\/www.youtube.com\/channel\/UC8QWit2-vFtafuuSU9J5gSw","https:\/\/www.linkedin.com\/in\/ida-viru-ettevtluskeskus-252823217\/","https:\/\/www.instagram.com\/idaviruettevotluskeskus\/"]}]}},"_links":{"self":[{"href":"https:\/\/ivek.ee\/en\/wp-json\/wp\/v2\/pages\/34663","targetHints":{"allow":["GET"]}}],"collection":[{"href":"https:\/\/ivek.ee\/en\/wp-json\/wp\/v2\/pages"}],"about":[{"href":"https:\/\/ivek.ee\/en\/wp-json\/wp\/v2\/types\/page"}],"author":[{"embeddable":true,"href":"https:\/\/ivek.ee\/en\/wp-json\/wp\/v2\/users\/2"}],"replies":[{"embeddable":true,"href":"https:\/\/ivek.ee\/en\/wp-json\/wp\/v2\/comments?post=34663"}],"version-history":[{"count":3,"href":"https:\/\/ivek.ee\/en\/wp-json\/wp\/v2\/pages\/34663\/revisions"}],"predecessor-version":[{"id":47158,"href":"https:\/\/ivek.ee\/en\/wp-json\/wp\/v2\/pages\/34663\/revisions\/47158"}],"up":[{"embeddable":true,"href":"https:\/\/ivek.ee\/en\/wp-json\/wp\/v2\/pages\/34607"}],"wp:featuredmedia":[{"embeddable":true,"href":"https:\/\/ivek.ee\/en\/wp-json\/wp\/v2\/media\/47159"}],"wp:attachment":[{"href":"https:\/\/ivek.ee\/en\/wp-json\/wp\/v2\/media?parent=34663"}],"curies":[{"name":"wp","href":"https:\/\/api.w.org\/{rel}","templated":true}]}}