{"id":34674,"date":"2022-06-09T11:24:28","date_gmt":"2022-06-09T11:24:28","guid":{"rendered":"https:\/\/ivek.ee\/?page_id=34674"},"modified":"2024-07-15T10:31:31","modified_gmt":"2024-07-15T10:31:31","slug":"viru-filmfund","status":"publish","type":"page","link":"https:\/\/ivek.ee\/en\/about-us\/structure-and-clusters\/viru-filmfund\/","title":{"rendered":"Viru FilmFund"},"content":{"rendered":"<section class=\"wpb-content-wrapper\"><p>[vc_row][vc_column][vc_row_inner][vc_column_inner][\/vc_column_inner][\/vc_row_inner][vc_single_image image=&#8221;10399&#8243; css_animation=&#8221;none&#8221;][vc_row_inner][vc_column_inner width=&#8221;2\/5&#8243;][vc_column_text]<\/p>\n<h2 id=\"suurelt\" class=\"vc_custom_heading vc_do_custom_heading\">ANNUAL BUDGET \u20ac200,000 PER YEAR<\/h2>\n<p>[\/vc_column_text][\/vc_column_inner][vc_column_inner width=&#8221;3\/5&#8243;][vc_column_text][\/vc_column_text][vc_column_text]<\/p>\n<p class=\"p1 selectionShareable\">Viru Film Fund increased in 2019 thanks to co-funding from the Ida-Virumaa program, and today our regional funders are Toila municipality, J\u00f5hvi municipality, Alutaguse municipality, L\u00fcganuse municipality, Kohtla-J\u00e4rve city, Narva city government, Sillam\u00e4e city government, and NPM Silmet.<\/p>\n<p class=\"p1 selectionShareable\">The partner of Viru Film Fund is Ida-Viru Vocational Education Center.<\/p>\n<p class=\"p1 selectionShareable\">The fund is open to new funders from both the public and private sectors.<\/p>\n<p class=\"p1 selectionShareable\">The work of Viru Film Fund is coordinated by the Ida-Viru Entrepreneurship Center Foundation (IVEK).<\/p>\n<p>[\/vc_column_text][vc_column_text][\/vc_column_text][\/vc_column_inner][\/vc_row_inner][\/vc_column][\/vc_row][vc_row][vc_column][vc_column_text]<\/p>\n<p class=\"selectionShareable\"><strong>ATTENTION! DEAR APPLICANTS, OUR APPLICATION PROCEDURE HAS CHANGED!<\/strong><\/p>\n<p class=\"selectionShareable\">We accept applications twice a year: on April 1st and October 1st.<\/p>\n<p class=\"selectionShareable\">We reimburse up to 40% of expenses incurred in Ida-Viru County. Funding decisions are made within 30 days.<\/p>\n<p>&nbsp;<\/p>\n<p><strong><a href=\"https:\/\/vff.ee\/process\/#toetust\">Start your application<\/a><\/strong>[\/vc_column_text][\/vc_column][\/vc_row][vc_row][vc_column][vc_column_text]<\/p>\n<div class=\"wpb_text_column wpb_content_element\">\n<div class=\"wpb_wrapper\">\n<p class=\"selectionShareable\"><a href=\"https:\/\/vff.ee\/process\/#toetust\"><strong>Read the conditions for application<\/strong><\/a><\/p>\n<p class=\"selectionShareable\">We accept projects for co-production from all over the world. In order to apply, you need a co-producer from Estonia. You can find a list of trusted co-producers on the Film Estonia website:\u00a0<strong><a href=\"http:\/\/www.filmestonia.eu\/\">www.filmestonia.eu<\/a>.<\/strong><\/p>\n<\/div>\n<\/div>\n<p>[\/vc_column_text][\/vc_column][\/vc_row][vc_row][vc_column][vc_column_text]<\/p>\n<h5 style=\"text-align: left;\"><strong><span style=\"color: #65b249;\">Contact<\/span><\/strong><\/h5>\n<p>[\/vc_column_text]<div name='contact' class='contact-box vc_row'><div class='col-md-4 col-sm-12 image-wrapper' style='background: url(https:\/\/ivek.ee\/wp-content\/uploads\/piiatamm.png) no-repeat center; background-size: cover;'><\/div><div class='col-md-8 col-sm-12 text-wrapper'><h3>Viru FilmFund Coordinator<\/h3><div class='row'><div class='col-md-6 col-sm-12 contact-title'><h4>Piia Tamm <\/h4><p>Viru Filmifondi, Loomeklastri koordinaator<\/p><\/div><div class='col-md-6 col-sm-12 contact-info'><div class='contact-solution email'><a href='mailto:piia.tamm@ivek.ee'><svg width=\"24\" height=\"16\" viewBox=\"0 0 24 16\" fill=\"none\" xmlns=\"http:\/\/www.w3.org\/2000\/svg\"><path fill-rule=\"evenodd\" clip-rule=\"evenodd\" d=\"M1.04122 0.077322C0.73263 0.181071 0.490718 0.365707 0.293727 0.647762C0.161963 0.836406 0.0121917 1.20932 0.0555193 1.24093C0.297197 1.41718 11.9524 8.84142 11.9926 8.84475C12.0249 8.84739 14.7305 7.13825 18.0051 5.04664L23.9588 1.24371L23.931 1.10707C23.854 0.729696 23.5199 0.328999 23.125 0.140628L22.8595 0.0140157L12.0745 0.00390487C1.72279 -0.00579603 1.27952 -0.00283568 1.04122 0.077322ZM0 8.00145C0 10.785 0.0126607 13.0624 0.0281348 13.0624C0.0647569 13.0624 7.929 8.23892 8.00937 8.16714C8.05823 8.12351 7.26548 7.5977 4.09394 5.57017C1.90674 4.17192 0.0908754 3.00822 0.0586142 2.98417C0.0118166 2.94924 0 3.95968 0 8.00145ZM19.9613 5.53724C16.7507 7.59201 15.95 8.12342 15.9989 8.1671C16.115 8.27075 23.9675 13.0718 23.9881 13.0517C23.9994 13.0407 24.0034 10.766 23.9968 7.9969L23.9849 2.96213L19.9613 5.53724ZM4.75947 11.8969C0.243554 14.6754 0.0708997 14.7866 0.0850609 14.9089C0.124262 15.2472 0.485466 15.6836 0.883386 15.8734L1.14884 16H12.0042H22.8595L23.125 15.8734C23.5228 15.6837 23.884 15.2472 23.9233 14.9091C23.9375 14.7871 23.7625 14.6744 19.2406 11.8948L14.5433 9.0072L13.507 9.66787C12.2756 10.453 12.2505 10.4664 12.0042 10.4664C11.7581 10.4664 11.7388 10.4561 10.5067 9.67028C9.93641 9.30656 9.46506 9.00962 9.4592 9.01044C9.45338 9.01121 7.33849 10.3101 4.75947 11.8969Z\" fill=\"#65B249\"\/><\/svg> piia.tamm@ivek.ee<\/a><\/div><div class='contact-solution phone'><a href='tel:+372 5561 0512'><svg width=\"18\" height=\"18\" viewBox=\"0 0 18 18\" fill=\"none\" xmlns=\"http:\/\/www.w3.org\/2000\/svg\"><path fill-rule=\"evenodd\" clip-rule=\"evenodd\" d=\"M1.05003 0.0596451C0.553862 0.192885 0.179134 0.572424 0.0484086 1.07413C-0.0365841 1.40034 -0.00742065 2.37625 0.11831 3.41338C0.649901 7.79784 2.89493 11.7544 6.414 14.5088C8.52095 16.1579 11.1036 17.301 13.7488 17.7555C14.674 17.9145 16.0276 18.0279 16.5955 17.994C17.0988 17.964 17.4868 17.7608 17.7362 17.3968C17.9955 17.0184 17.986 17.1031 17.9978 15.057C18.0047 13.8747 17.9952 13.1469 17.9715 13.018C17.881 12.5281 17.5154 12.1012 17.0429 11.9338C16.9576 11.9037 16.6425 11.8678 16.2817 11.8471C15.1701 11.7835 14.5619 11.6854 13.6433 11.4216C12.7631 11.1687 12.4835 11.2172 11.8072 11.7398C11.4905 11.9846 10.8883 12.4384 9.93191 13.153C9.91256 13.1675 9.69885 13.0654 9.45699 12.9261C7.80365 11.9739 6.588 10.8624 5.61188 9.41032C5.21274 8.81657 4.81159 8.11649 4.8454 8.07272C5.04145 7.81875 6.40805 5.99945 6.49291 5.87947C6.77093 5.48625 6.79819 5.08372 6.59436 4.38262C6.34357 3.51997 6.21204 2.70738 6.16722 1.74349C6.13246 0.996681 6.04997 0.750276 5.72656 0.427056C5.52298 0.223611 5.35922 0.130905 5.07086 0.0558483C4.77624 -0.0208259 1.33765 -0.0175916 1.05003 0.0596451Z\" fill=\"#65B249\"\/><\/svg> +372 5561 0512<\/a><\/div><\/div><\/div><div class='row'><div class='col-md-6 col-sm-12 register-to-consul-btn'><\/div><div class='col-md-6 col-sm-12 consult-languages'><h6>Language of consultation<\/h6><div class='languages'><div class='lang'> Rus <\/div><div class='lang'> Est <\/div><div class='lang'> Eng <\/div><\/div><\/div><\/div><\/div><\/div>[\/vc_column][\/vc_row]<\/p>\n<\/section>","protected":false},"excerpt":{"rendered":"<p>[vc_row][vc_column][vc_row_inner][vc_column_inner][\/vc_column_inner][\/vc_row_inner][vc_single_image image=&#8221;10399&#8243; css_animation=&#8221;none&#8221;][vc_row_inner][vc_column_inner width=&#8221;2\/5&#8243;][vc_column_text] ANNUAL BUDGET \u20ac200,000 PER YEAR [\/vc_column_text][\/vc_column_inner][vc_column_inner width=&#8221;3\/5&#8243;][vc_column_text][\/vc_column_text][vc_column_text] Viru Film Fund increased in 2019 thanks to co-funding from the Ida-Virumaa program, and today our regional funders are Toila municipality, J\u00f5hvi municipality, Alutaguse municipality, L\u00fcganuse municipality, Kohtla-J\u00e4rve city, Narva city government, Sillam\u00e4e city government, and NPM Silmet. The partner of Viru Film Fund [&hellip;]<\/p>\n","protected":false},"author":2,"featured_media":31439,"parent":34607,"menu_order":0,"comment_status":"closed","ping_status":"closed","template":"","meta":{"_acf_changed":false,"inline_featured_image":false,"footnotes":""},"class_list":["post-34674","page","type-page","status-publish","has-post-thumbnail","hentry"],"acf":[],"yoast_head":"<!-- This site is optimized with the Yoast SEO plugin v23.3 - https:\/\/yoast.com\/wordpress\/plugins\/seo\/ -->\n<title>Viru FilmFund - Ida-Viru Ettev\u00f5tluskeskus<\/title>\n<meta name=\"robots\" content=\"index, follow, max-snippet:-1, max-image-preview:large, max-video-preview:-1\" \/>\n<link rel=\"canonical\" href=\"https:\/\/ivek.ee\/en\/about-us\/structure-and-clusters\/viru-filmfund\/\" \/>\n<meta property=\"og:locale\" content=\"en_US\" \/>\n<meta property=\"og:type\" content=\"article\" \/>\n<meta property=\"og:title\" content=\"Viru FilmFund - Ida-Viru Ettev\u00f5tluskeskus\" \/>\n<meta property=\"og:description\" content=\"[vc_row][vc_column][vc_row_inner][vc_column_inner][\/vc_column_inner][\/vc_row_inner][vc_single_image image=&#8221;10399&#8243; css_animation=&#8221;none&#8221;][vc_row_inner][vc_column_inner width=&#8221;2\/5&#8243;][vc_column_text] ANNUAL BUDGET \u20ac200,000 PER YEAR [\/vc_column_text][\/vc_column_inner][vc_column_inner width=&#8221;3\/5&#8243;][vc_column_text][\/vc_column_text][vc_column_text] Viru Film Fund increased in 2019 thanks to co-funding from the Ida-Virumaa program, and today our regional funders are Toila municipality, J\u00f5hvi municipality, Alutaguse municipality, L\u00fcganuse municipality, Kohtla-J\u00e4rve city, Narva city government, Sillam\u00e4e city government, and NPM Silmet. The partner of Viru Film Fund [&hellip;]\" \/>\n<meta property=\"og:url\" content=\"https:\/\/ivek.ee\/en\/about-us\/structure-and-clusters\/viru-filmfund\/\" \/>\n<meta property=\"og:site_name\" content=\"Ida-Viru Ettev\u00f5tluskeskus\" \/>\n<meta property=\"article:publisher\" content=\"https:\/\/www.facebook.com\/IVEK.EE\/\" \/>\n<meta property=\"article:modified_time\" content=\"2024-07-15T10:31:31+00:00\" \/>\n<meta property=\"og:image\" content=\"https:\/\/ivek.ee\/wp-content\/uploads\/viru-filmifond-logo-300x400-1.png\" \/>\n\t<meta property=\"og:image:width\" content=\"400\" \/>\n\t<meta property=\"og:image:height\" content=\"300\" \/>\n\t<meta property=\"og:image:type\" content=\"image\/png\" \/>\n<meta name=\"twitter:card\" content=\"summary_large_image\" \/>\n<meta name=\"twitter:label1\" content=\"Est. reading time\" \/>\n\t<meta name=\"twitter:data1\" content=\"2 minutes\" \/>\n<script type=\"application\/ld+json\" class=\"yoast-schema-graph\">{\"@context\":\"https:\/\/schema.org\",\"@graph\":[{\"@type\":\"WebPage\",\"@id\":\"https:\/\/ivek.ee\/en\/about-us\/structure-and-clusters\/viru-filmfund\/\",\"url\":\"https:\/\/ivek.ee\/en\/about-us\/structure-and-clusters\/viru-filmfund\/\",\"name\":\"Viru FilmFund - Ida-Viru Ettev\u00f5tluskeskus\",\"isPartOf\":{\"@id\":\"https:\/\/ivek.ee\/en\/#website\"},\"primaryImageOfPage\":{\"@id\":\"https:\/\/ivek.ee\/en\/about-us\/structure-and-clusters\/viru-filmfund\/#primaryimage\"},\"image\":{\"@id\":\"https:\/\/ivek.ee\/en\/about-us\/structure-and-clusters\/viru-filmfund\/#primaryimage\"},\"thumbnailUrl\":\"https:\/\/ivek.ee\/wp-content\/uploads\/viru-filmifond-logo-300x400-1.png\",\"datePublished\":\"2022-06-09T11:24:28+00:00\",\"dateModified\":\"2024-07-15T10:31:31+00:00\",\"breadcrumb\":{\"@id\":\"https:\/\/ivek.ee\/en\/about-us\/structure-and-clusters\/viru-filmfund\/#breadcrumb\"},\"inLanguage\":\"en-US\",\"potentialAction\":[{\"@type\":\"ReadAction\",\"target\":[\"https:\/\/ivek.ee\/en\/about-us\/structure-and-clusters\/viru-filmfund\/\"]}]},{\"@type\":\"ImageObject\",\"inLanguage\":\"en-US\",\"@id\":\"https:\/\/ivek.ee\/en\/about-us\/structure-and-clusters\/viru-filmfund\/#primaryimage\",\"url\":\"https:\/\/ivek.ee\/wp-content\/uploads\/viru-filmifond-logo-300x400-1.png\",\"contentUrl\":\"https:\/\/ivek.ee\/wp-content\/uploads\/viru-filmifond-logo-300x400-1.png\",\"width\":400,\"height\":300},{\"@type\":\"BreadcrumbList\",\"@id\":\"https:\/\/ivek.ee\/en\/about-us\/structure-and-clusters\/viru-filmfund\/#breadcrumb\",\"itemListElement\":[{\"@type\":\"ListItem\",\"position\":1,\"name\":\"Home\",\"item\":\"https:\/\/ivek.ee\/en\/\"},{\"@type\":\"ListItem\",\"position\":2,\"name\":\"About us\",\"item\":\"https:\/\/ivek.ee\/en\/about-us\/\"},{\"@type\":\"ListItem\",\"position\":3,\"name\":\"Structure and clusters\",\"item\":\"https:\/\/ivek.ee\/en\/about-us\/structure-and-clusters\/\"},{\"@type\":\"ListItem\",\"position\":4,\"name\":\"Viru FilmFund\"}]},{\"@type\":\"WebSite\",\"@id\":\"https:\/\/ivek.ee\/en\/#website\",\"url\":\"https:\/\/ivek.ee\/en\/\",\"name\":\"Ida-Viru Ettev\u00f5tluskeskus\",\"description\":\"piirkondlik arengumootor\",\"publisher\":{\"@id\":\"https:\/\/ivek.ee\/en\/#organization\"},\"potentialAction\":[{\"@type\":\"SearchAction\",\"target\":{\"@type\":\"EntryPoint\",\"urlTemplate\":\"https:\/\/ivek.ee\/en\/?s={search_term_string}\"},\"query-input\":\"required name=search_term_string\"}],\"inLanguage\":\"en-US\"},{\"@type\":\"Organization\",\"@id\":\"https:\/\/ivek.ee\/en\/#organization\",\"name\":\"Ida-Viru Ettev\u00f5tluskeskus\",\"url\":\"https:\/\/ivek.ee\/en\/\",\"logo\":{\"@type\":\"ImageObject\",\"inLanguage\":\"en-US\",\"@id\":\"https:\/\/ivek.ee\/en\/#\/schema\/logo\/image\/\",\"url\":\"https:\/\/ivek.ee\/wp-content\/uploads\/logo-ivek.svg\",\"contentUrl\":\"https:\/\/ivek.ee\/wp-content\/uploads\/logo-ivek.svg\",\"width\":280,\"height\":39,\"caption\":\"Ida-Viru Ettev\u00f5tluskeskus\"},\"image\":{\"@id\":\"https:\/\/ivek.ee\/en\/#\/schema\/logo\/image\/\"},\"sameAs\":[\"https:\/\/www.facebook.com\/IVEK.EE\/\",\"https:\/\/www.youtube.com\/channel\/UC8QWit2-vFtafuuSU9J5gSw\",\"https:\/\/www.linkedin.com\/in\/ida-viru-ettevtluskeskus-252823217\/\",\"https:\/\/www.instagram.com\/idaviruettevotluskeskus\/\"]}]}<\/script>\n<!-- \/ Yoast SEO plugin. -->","yoast_head_json":{"title":"Viru FilmFund - Ida-Viru Ettev\u00f5tluskeskus","robots":{"index":"index","follow":"follow","max-snippet":"max-snippet:-1","max-image-preview":"max-image-preview:large","max-video-preview":"max-video-preview:-1"},"canonical":"https:\/\/ivek.ee\/en\/about-us\/structure-and-clusters\/viru-filmfund\/","og_locale":"en_US","og_type":"article","og_title":"Viru FilmFund - Ida-Viru Ettev\u00f5tluskeskus","og_description":"[vc_row][vc_column][vc_row_inner][vc_column_inner][\/vc_column_inner][\/vc_row_inner][vc_single_image image=&#8221;10399&#8243; css_animation=&#8221;none&#8221;][vc_row_inner][vc_column_inner width=&#8221;2\/5&#8243;][vc_column_text] ANNUAL BUDGET \u20ac200,000 PER YEAR [\/vc_column_text][\/vc_column_inner][vc_column_inner width=&#8221;3\/5&#8243;][vc_column_text][\/vc_column_text][vc_column_text] Viru Film Fund increased in 2019 thanks to co-funding from the Ida-Virumaa program, and today our regional funders are Toila municipality, J\u00f5hvi municipality, Alutaguse municipality, L\u00fcganuse municipality, Kohtla-J\u00e4rve city, Narva city government, Sillam\u00e4e city government, and NPM Silmet. The partner of Viru Film Fund [&hellip;]","og_url":"https:\/\/ivek.ee\/en\/about-us\/structure-and-clusters\/viru-filmfund\/","og_site_name":"Ida-Viru Ettev\u00f5tluskeskus","article_publisher":"https:\/\/www.facebook.com\/IVEK.EE\/","article_modified_time":"2024-07-15T10:31:31+00:00","og_image":[{"width":400,"height":300,"url":"https:\/\/ivek.ee\/wp-content\/uploads\/viru-filmifond-logo-300x400-1.png","type":"image\/png"}],"twitter_card":"summary_large_image","twitter_misc":{"Est. reading time":"2 minutes"},"schema":{"@context":"https:\/\/schema.org","@graph":[{"@type":"WebPage","@id":"https:\/\/ivek.ee\/en\/about-us\/structure-and-clusters\/viru-filmfund\/","url":"https:\/\/ivek.ee\/en\/about-us\/structure-and-clusters\/viru-filmfund\/","name":"Viru FilmFund - Ida-Viru Ettev\u00f5tluskeskus","isPartOf":{"@id":"https:\/\/ivek.ee\/en\/#website"},"primaryImageOfPage":{"@id":"https:\/\/ivek.ee\/en\/about-us\/structure-and-clusters\/viru-filmfund\/#primaryimage"},"image":{"@id":"https:\/\/ivek.ee\/en\/about-us\/structure-and-clusters\/viru-filmfund\/#primaryimage"},"thumbnailUrl":"https:\/\/ivek.ee\/wp-content\/uploads\/viru-filmifond-logo-300x400-1.png","datePublished":"2022-06-09T11:24:28+00:00","dateModified":"2024-07-15T10:31:31+00:00","breadcrumb":{"@id":"https:\/\/ivek.ee\/en\/about-us\/structure-and-clusters\/viru-filmfund\/#breadcrumb"},"inLanguage":"en-US","potentialAction":[{"@type":"ReadAction","target":["https:\/\/ivek.ee\/en\/about-us\/structure-and-clusters\/viru-filmfund\/"]}]},{"@type":"ImageObject","inLanguage":"en-US","@id":"https:\/\/ivek.ee\/en\/about-us\/structure-and-clusters\/viru-filmfund\/#primaryimage","url":"https:\/\/ivek.ee\/wp-content\/uploads\/viru-filmifond-logo-300x400-1.png","contentUrl":"https:\/\/ivek.ee\/wp-content\/uploads\/viru-filmifond-logo-300x400-1.png","width":400,"height":300},{"@type":"BreadcrumbList","@id":"https:\/\/ivek.ee\/en\/about-us\/structure-and-clusters\/viru-filmfund\/#breadcrumb","itemListElement":[{"@type":"ListItem","position":1,"name":"Home","item":"https:\/\/ivek.ee\/en\/"},{"@type":"ListItem","position":2,"name":"About us","item":"https:\/\/ivek.ee\/en\/about-us\/"},{"@type":"ListItem","position":3,"name":"Structure and clusters","item":"https:\/\/ivek.ee\/en\/about-us\/structure-and-clusters\/"},{"@type":"ListItem","position":4,"name":"Viru FilmFund"}]},{"@type":"WebSite","@id":"https:\/\/ivek.ee\/en\/#website","url":"https:\/\/ivek.ee\/en\/","name":"Ida-Viru Ettev\u00f5tluskeskus","description":"piirkondlik arengumootor","publisher":{"@id":"https:\/\/ivek.ee\/en\/#organization"},"potentialAction":[{"@type":"SearchAction","target":{"@type":"EntryPoint","urlTemplate":"https:\/\/ivek.ee\/en\/?s={search_term_string}"},"query-input":"required name=search_term_string"}],"inLanguage":"en-US"},{"@type":"Organization","@id":"https:\/\/ivek.ee\/en\/#organization","name":"Ida-Viru Ettev\u00f5tluskeskus","url":"https:\/\/ivek.ee\/en\/","logo":{"@type":"ImageObject","inLanguage":"en-US","@id":"https:\/\/ivek.ee\/en\/#\/schema\/logo\/image\/","url":"https:\/\/ivek.ee\/wp-content\/uploads\/logo-ivek.svg","contentUrl":"https:\/\/ivek.ee\/wp-content\/uploads\/logo-ivek.svg","width":280,"height":39,"caption":"Ida-Viru Ettev\u00f5tluskeskus"},"image":{"@id":"https:\/\/ivek.ee\/en\/#\/schema\/logo\/image\/"},"sameAs":["https:\/\/www.facebook.com\/IVEK.EE\/","https:\/\/www.youtube.com\/channel\/UC8QWit2-vFtafuuSU9J5gSw","https:\/\/www.linkedin.com\/in\/ida-viru-ettevtluskeskus-252823217\/","https:\/\/www.instagram.com\/idaviruettevotluskeskus\/"]}]}},"_links":{"self":[{"href":"https:\/\/ivek.ee\/en\/wp-json\/wp\/v2\/pages\/34674","targetHints":{"allow":["GET"]}}],"collection":[{"href":"https:\/\/ivek.ee\/en\/wp-json\/wp\/v2\/pages"}],"about":[{"href":"https:\/\/ivek.ee\/en\/wp-json\/wp\/v2\/types\/page"}],"author":[{"embeddable":true,"href":"https:\/\/ivek.ee\/en\/wp-json\/wp\/v2\/users\/2"}],"replies":[{"embeddable":true,"href":"https:\/\/ivek.ee\/en\/wp-json\/wp\/v2\/comments?post=34674"}],"version-history":[{"count":5,"href":"https:\/\/ivek.ee\/en\/wp-json\/wp\/v2\/pages\/34674\/revisions"}],"predecessor-version":[{"id":35112,"href":"https:\/\/ivek.ee\/en\/wp-json\/wp\/v2\/pages\/34674\/revisions\/35112"}],"up":[{"embeddable":true,"href":"https:\/\/ivek.ee\/en\/wp-json\/wp\/v2\/pages\/34607"}],"wp:featuredmedia":[{"embeddable":true,"href":"https:\/\/ivek.ee\/en\/wp-json\/wp\/v2\/media\/31439"}],"wp:attachment":[{"href":"https:\/\/ivek.ee\/en\/wp-json\/wp\/v2\/media?parent=34674"}],"curies":[{"name":"wp","href":"https:\/\/api.w.org\/{rel}","templated":true}]}}